{"id":1740,"date":"2017-06-28T19:40:41","date_gmt":"2017-06-28T22:10:41","guid":{"rendered":"http:\/\/master.franchise.commercial.dlcserver.com\/fr\/?page_id=1740"},"modified":"2017-10-12T18:56:53","modified_gmt":"2017-10-12T21:26:53","slug":"profile","status":"publish","type":"page","link":"https:\/\/dominioncommercialcapital.ca\/fr\/about-dominion-lending-centres\/profile\/","title":{"rendered":"Profil"},"content":{"rendered":"<p>Les professionnels des Centres hypoth\u00e9caires Dominion comprennent que l\u2019achat d\u2019une maison est un des projets les plus passionnants qui existent dans la vie, tout en \u00e9tant tr\u00e8s complexe.<\/p>\n<p>Les plus grandes banques, les coop\u00e9ratives de cr\u00e9dit et les soci\u00e9t\u00e9s de fiducie du Canada se joignent aux Centres hypoth\u00e9caires Dominion pour vous offrir des taux, des produits et des services qui sont offerts uniquement par le biais de nos conseillers hypoth\u00e9caires. Par exemple, la gamme de produits hypoth\u00e9caires des Centres hypoth\u00e9caires Dominion comporte un \u00e9ventail de solutions de financement de propri\u00e9t\u00e9s qui sont offertes uniquement \u00e0 nos conseillers hypoth\u00e9caires et \u00e0 leurs clients.<\/p>\n<p>Gr\u00e2ce \u00e0 une gamme de produits hypoth\u00e9caires exclusifs \u00e0 faible taux d\u2019int\u00e9r\u00eat, combin\u00e9e \u00e0 la formation des membres, \u00e0 la technologie et \u00e0 une entreprise \u00e0 la fine pointe, nos conseillers hypoth\u00e9caires sont les plus comp\u00e9tents pour vous servir et ainsi vous permettre de r\u00e9aliser votre r\u00eave d\u2019acc\u00e9der \u00e0 une propri\u00e9t\u00e9!<\/p>\n","protected":false},"excerpt":{"rendered":"<p>Les professionnels des Centres hypoth\u00e9caires Dominion comprennent que l\u2019achat d\u2019une maison est un des projets les plus passionnants qui existent dans la vie, tout en \u00e9tant tr\u00e8s complexe. Les plus grandes banques, les coop\u00e9ratives de cr\u00e9dit et les soci\u00e9t\u00e9s de fiducie du Canada se joignent aux Centres hypoth\u00e9caires Dominion pour vous offrir des taux, des [&hellip;]<\/p>\n","protected":false},"author":1,"featured_media":1788,"parent":606,"menu_order":0,"comment_status":"closed","ping_status":"closed","template":"","meta":[],"yoast_head":"<!-- This site is optimized with the Yoast SEO plugin v17.1 - https:\/\/yoast.com\/wordpress\/plugins\/seo\/ -->\n<meta name=\"robots\" content=\"index, follow, max-snippet:-1, max-image-preview:large, max-video-preview:-1\" \/>\n<link rel=\"canonical\" href=\"https:\/\/dominioncommercialcapital.ca\/fr\/about-dominion-lending-centres\/profile\/\" \/>\n<meta property=\"og:locale\" content=\"fr_FR\" \/>\n<meta property=\"og:type\" content=\"article\" \/>\n<meta property=\"og:title\" content=\"Profil - Dominion Lending Centres\" \/>\n<meta property=\"og:description\" content=\"Les professionnels des Centres hypoth\u00e9caires Dominion comprennent que l\u2019achat d\u2019une maison est un des projets les plus passionnants qui existent dans la vie, tout en \u00e9tant tr\u00e8s complexe. Les plus grandes banques, les coop\u00e9ratives de cr\u00e9dit et les soci\u00e9t\u00e9s de fiducie du Canada se joignent aux Centres hypoth\u00e9caires Dominion pour vous offrir des taux, des [&hellip;]\" \/>\n<meta property=\"og:url\" content=\"https:\/\/dominioncommercialcapital.ca\/fr\/about-dominion-lending-centres\/profile\/\" \/>\n<meta property=\"og:site_name\" content=\"Dominion Lending Centres\" \/>\n<meta property=\"article:modified_time\" content=\"2017-10-12T21:26:53+00:00\" \/>\n<meta property=\"og:image\" content=\"https:\/\/dominioncommercialcapital.ca\/wp-content\/uploads\/2017\/06\/agent-banner.jpg\" \/>\n\t<meta property=\"og:image:width\" content=\"2000\" \/>\n\t<meta property=\"og:image:height\" content=\"277\" \/>\n<meta name=\"twitter:card\" content=\"summary\" \/>\n<meta name=\"twitter:label1\" content=\"Dur\u00e9e de lecture est.\" \/>\n\t<meta name=\"twitter:data1\" content=\"1 minute\" \/>\n<script type=\"application\/ld+json\" class=\"yoast-schema-graph\">{\"@context\":\"https:\/\/schema.org\",\"@graph\":[{\"@type\":\"WebSite\",\"@id\":\"https:\/\/dominioncommercialcapital.ca\/fr\/#website\",\"url\":\"https:\/\/dominioncommercialcapital.ca\/fr\/\",\"name\":\"Dominion Lending Centres\",\"description\":\"Franchise Website\",\"potentialAction\":[{\"@type\":\"SearchAction\",\"target\":{\"@type\":\"EntryPoint\",\"urlTemplate\":\"https:\/\/dominioncommercialcapital.ca\/fr\/?s={search_term_string}\"},\"query-input\":\"required name=search_term_string\"}],\"inLanguage\":\"fr-FR\"},{\"@type\":\"ImageObject\",\"@id\":\"https:\/\/dominioncommercialcapital.ca\/fr\/about-dominion-lending-centres\/profile\/#primaryimage\",\"inLanguage\":\"fr-FR\",\"url\":\"https:\/\/dominioncommercialcapital.ca\/wp-content\/uploads\/2017\/06\/agent-banner.jpg\",\"contentUrl\":\"https:\/\/dominioncommercialcapital.ca\/wp-content\/uploads\/2017\/06\/agent-banner.jpg\",\"width\":2000,\"height\":277},{\"@type\":\"WebPage\",\"@id\":\"https:\/\/dominioncommercialcapital.ca\/fr\/about-dominion-lending-centres\/profile\/#webpage\",\"url\":\"https:\/\/dominioncommercialcapital.ca\/fr\/about-dominion-lending-centres\/profile\/\",\"name\":\"Profil - Dominion Lending Centres\",\"isPartOf\":{\"@id\":\"https:\/\/dominioncommercialcapital.ca\/fr\/#website\"},\"primaryImageOfPage\":{\"@id\":\"https:\/\/dominioncommercialcapital.ca\/fr\/about-dominion-lending-centres\/profile\/#primaryimage\"},\"datePublished\":\"2017-06-28T22:10:41+00:00\",\"dateModified\":\"2017-10-12T21:26:53+00:00\",\"breadcrumb\":{\"@id\":\"https:\/\/dominioncommercialcapital.ca\/fr\/about-dominion-lending-centres\/profile\/#breadcrumb\"},\"inLanguage\":\"fr-FR\",\"potentialAction\":[{\"@type\":\"ReadAction\",\"target\":[\"https:\/\/dominioncommercialcapital.ca\/fr\/about-dominion-lending-centres\/profile\/\"]}]},{\"@type\":\"BreadcrumbList\",\"@id\":\"https:\/\/dominioncommercialcapital.ca\/fr\/about-dominion-lending-centres\/profile\/#breadcrumb\",\"itemListElement\":[{\"@type\":\"ListItem\",\"position\":1,\"name\":\"Home\",\"item\":\"https:\/\/dominioncommercialcapital.ca\/fr\/\"},{\"@type\":\"ListItem\",\"position\":2,\"name\":\"\\u00c0 PROPOS DES CENTRES HYPOTH\\u00c9CAIRES DOMINION\",\"item\":\"https:\/\/dominioncommercialcapital.ca\/fr\/about-dominion-lending-centres\/\"},{\"@type\":\"ListItem\",\"position\":3,\"name\":\"Profil\"}]}]}<\/script>\n<!-- \/ Yoast SEO plugin. -->","yoast_head_json":{"robots":{"index":"index","follow":"follow","max-snippet":"max-snippet:-1","max-image-preview":"max-image-preview:large","max-video-preview":"max-video-preview:-1"},"canonical":"https:\/\/dominioncommercialcapital.ca\/fr\/about-dominion-lending-centres\/profile\/","og_locale":"fr_FR","og_type":"article","og_title":"Profil - Dominion Lending Centres","og_description":"Les professionnels des Centres hypoth\u00e9caires Dominion comprennent que l\u2019achat d\u2019une maison est un des projets les plus passionnants qui existent dans la vie, tout en \u00e9tant tr\u00e8s complexe. Les plus grandes banques, les coop\u00e9ratives de cr\u00e9dit et les soci\u00e9t\u00e9s de fiducie du Canada se joignent aux Centres hypoth\u00e9caires Dominion pour vous offrir des taux, des [&hellip;]","og_url":"https:\/\/dominioncommercialcapital.ca\/fr\/about-dominion-lending-centres\/profile\/","og_site_name":"Dominion Lending Centres","article_modified_time":"2017-10-12T21:26:53+00:00","og_image":[{"width":2000,"height":277,"url":"https:\/\/dominioncommercialcapital.ca\/wp-content\/uploads\/2017\/06\/agent-banner.jpg","path":"\/var\/www\/sites\/wps\/sites\/code\/wp-content\/uploads\/2017\/06\/agent-banner.jpg","size":"full","id":1788,"alt":"","pixels":554000,"type":"image\/jpeg"}],"twitter_card":"summary","twitter_misc":{"Dur\u00e9e de lecture est.":"1 minute"},"schema":{"@context":"https:\/\/schema.org","@graph":[{"@type":"WebSite","@id":"https:\/\/dominioncommercialcapital.ca\/fr\/#website","url":"https:\/\/dominioncommercialcapital.ca\/fr\/","name":"Dominion Lending Centres","description":"Franchise Website","potentialAction":[{"@type":"SearchAction","target":{"@type":"EntryPoint","urlTemplate":"https:\/\/dominioncommercialcapital.ca\/fr\/?s={search_term_string}"},"query-input":"required name=search_term_string"}],"inLanguage":"fr-FR"},{"@type":"ImageObject","@id":"https:\/\/dominioncommercialcapital.ca\/fr\/about-dominion-lending-centres\/profile\/#primaryimage","inLanguage":"fr-FR","url":"https:\/\/dominioncommercialcapital.ca\/wp-content\/uploads\/2017\/06\/agent-banner.jpg","contentUrl":"https:\/\/dominioncommercialcapital.ca\/wp-content\/uploads\/2017\/06\/agent-banner.jpg","width":2000,"height":277},{"@type":"WebPage","@id":"https:\/\/dominioncommercialcapital.ca\/fr\/about-dominion-lending-centres\/profile\/#webpage","url":"https:\/\/dominioncommercialcapital.ca\/fr\/about-dominion-lending-centres\/profile\/","name":"Profil - Dominion Lending Centres","isPartOf":{"@id":"https:\/\/dominioncommercialcapital.ca\/fr\/#website"},"primaryImageOfPage":{"@id":"https:\/\/dominioncommercialcapital.ca\/fr\/about-dominion-lending-centres\/profile\/#primaryimage"},"datePublished":"2017-06-28T22:10:41+00:00","dateModified":"2017-10-12T21:26:53+00:00","breadcrumb":{"@id":"https:\/\/dominioncommercialcapital.ca\/fr\/about-dominion-lending-centres\/profile\/#breadcrumb"},"inLanguage":"fr-FR","potentialAction":[{"@type":"ReadAction","target":["https:\/\/dominioncommercialcapital.ca\/fr\/about-dominion-lending-centres\/profile\/"]}]},{"@type":"BreadcrumbList","@id":"https:\/\/dominioncommercialcapital.ca\/fr\/about-dominion-lending-centres\/profile\/#breadcrumb","itemListElement":[{"@type":"ListItem","position":1,"name":"Home","item":"https:\/\/dominioncommercialcapital.ca\/fr\/"},{"@type":"ListItem","position":2,"name":"\u00c0 PROPOS DES CENTRES HYPOTH\u00c9CAIRES DOMINION","item":"https:\/\/dominioncommercialcapital.ca\/fr\/about-dominion-lending-centres\/"},{"@type":"ListItem","position":3,"name":"Profil"}]}]}},"_links":{"self":[{"href":"https:\/\/dominioncommercialcapital.ca\/fr\/wp-json\/wp\/v2\/pages\/1740"}],"collection":[{"href":"https:\/\/dominioncommercialcapital.ca\/fr\/wp-json\/wp\/v2\/pages"}],"about":[{"href":"https:\/\/dominioncommercialcapital.ca\/fr\/wp-json\/wp\/v2\/types\/page"}],"author":[{"embeddable":true,"href":"https:\/\/dominioncommercialcapital.ca\/fr\/wp-json\/wp\/v2\/users\/1"}],"replies":[{"embeddable":true,"href":"https:\/\/dominioncommercialcapital.ca\/fr\/wp-json\/wp\/v2\/comments?post=1740"}],"version-history":[{"count":5,"href":"https:\/\/dominioncommercialcapital.ca\/fr\/wp-json\/wp\/v2\/pages\/1740\/revisions"}],"predecessor-version":[{"id":1863,"href":"https:\/\/dominioncommercialcapital.ca\/fr\/wp-json\/wp\/v2\/pages\/1740\/revisions\/1863"}],"up":[{"embeddable":true,"href":"https:\/\/dominioncommercialcapital.ca\/fr\/wp-json\/wp\/v2\/pages\/606"}],"wp:featuredmedia":[{"embeddable":true,"href":"https:\/\/dominioncommercialcapital.ca\/fr\/wp-json\/wp\/v2\/media\/1788"}],"wp:attachment":[{"href":"https:\/\/dominioncommercialcapital.ca\/fr\/wp-json\/wp\/v2\/media?parent=1740"}],"curies":[{"name":"wp","href":"https:\/\/api.w.org\/{rel}","templated":true}]}}